{"id":142,"date":"2019-06-04T16:36:29","date_gmt":"2019-06-04T19:36:29","guid":{"rendered":"https:\/\/cienciassociais.univasf.edu.br\/?page_id=142"},"modified":"2019-06-13T08:10:23","modified_gmt":"2019-06-13T11:10:23","slug":"mercado-de-trabalho","status":"publish","type":"page","link":"https:\/\/cienciassociais.univasf.edu.br\/index.php\/mercado-de-trabalho\/","title":{"rendered":"MERCADO DE TRABALHO"},"content":{"rendered":"\n<p align=\"justify\">Abaixo sequem listados alguns dos muitos campos em que o cientista social pode trabalhar:<\/p>\n\n\n\n<h3 class=\"wp-block-heading\">PESQUISADOR<\/h3>\n\n\n\n<p align=\"justify\">Nessa carreira o\ncientista social se dedica exclusivamente \u00e0 pesquisa cient\u00edfica e aplicada, atuando nas universidades, mas\ntamb\u00e9m em funda\u00e7\u00f5es, empresas e institutos de pesquisa governamentais e n\u00e3o\ngovernamentais. IBGE, IPEA, DIEESE, FUNDAJ, IBAD, SEI-BA, CONDEPE\/FIDEM,\nINEP, DATAFOLHA, IBOPE, entre\noutros, s\u00e3o alguns exemplos de espa\u00e7os onde o cientista social tem um f\u00e9rtil\ncampo de trabalho como pesquisador.<\/p>\n\n\n\n<h3 class=\"wp-block-heading\">PROFESSOR-PESQUISADOR<\/h3>\n\n\n\n<p align=\"justify\">Nessa carreira o\nprofissional de ci\u00eancias sociais pode atuar nos magist\u00e9rios do ensino b\u00e1sico\ncom a habilita\u00e7\u00e3o em licenciatura, ficando respons\u00e1vel pela disciplina de\nsociologia e afins no ensino m\u00e9dio em todo territ\u00f3rio nacional, em institui\u00e7\u00f5es\nescolares p\u00fablicas e privadas. &nbsp;Para trabalhar no magist\u00e9rio do ensino superior, em universidades p\u00fablicas\ne privadas, o cientista social pode seguir a carreira acad\u00eamica realizando a p\u00f3s-gradua\u00e7\u00e3o <em>stricto sensu: <\/em>mestrado e doutorado.<em> <\/em><\/p>\n\n\n\n<h3 class=\"wp-block-heading\">CONSULTOR PARA O SETOR P\u00daBLICO <\/h3>\n\n\n\n<p align=\"justify\">Nessa carreira o\ncientista social trabalha em empresas prestadoras de servi\u00e7o de auditoria,\nassessoria e consultoria para o setor p\u00fablico. Pode-se citar como exemplo as\ngrandes empresas de auditoria como a Deloitte e a EY, entre outras. Al\u00e9m disso,\nexistem pequenas empresas de consultoria (e elas podem ser criadas) para atuar\nem projetos espec\u00edficos de gest\u00e3o e de pol\u00edticas p\u00fablicas em \u00e2mbitos dos\npoderes p\u00fablicos regionais. <\/p>\n\n\n\n<h3 class=\"wp-block-heading\">SETORES\nDE RESPONSABILIDADE SOCIAL E SOCIOAMBIENTAL DAS EMPRESAS<\/h3>\n\n\n\n<p align=\"justify\">A responsabilidade social e a sustentabilidade entram gradualmente no sistema corporativo, no sentido de ampliar a gest\u00e3o dos neg\u00f3cios considerando rela\u00e7\u00f5es mais \u00e9ticas e transparentes, bem como levando em conta a promo\u00e7\u00e3o da diversidade e a diminui\u00e7\u00e3o da desigualdade social. Muitas empresas de grande e m\u00e9dio porte t\u00eam estruturado \u00e1reas nesse sentido, fazendo do cientista social um profissional imprescind\u00edvel para tais pol\u00edticas. H\u00e1 tamb\u00e9m pequenas empresas especializadas em oferecer suporte \u00e0s pol\u00edticas socioambientais de grandes empresas, confeccionando laudos sem os quais muitos projetos n\u00e3o podem ser executados. <\/p>\n\n\n\n<h3 class=\"wp-block-heading\">CARGOS T\u00c9CNICOS-EXECUTIVOS EM EMPRESAS P\u00daBLICAS <\/h3>\n\n\n\n<p align=\"justify\">FUNAI, IBAMA, ICMBIO, INSS, IBGE entre outras, est\u00e3o\nentre outras empresas p\u00fablicas que contam com o of\u00edcio do cientista social na\nelabora\u00e7\u00e3o e na execu\u00e7\u00e3o de projetos nas respectivas \u00e1reas de atua\u00e7\u00e3o. <\/p>\n\n\n\n<h3 class=\"wp-block-heading\">CARGOS\nTECNICOS-EXECUTIVOS EM ENTIDADES PARAESTATAIS<\/h3>\n\n\n\n<p align=\"justify\">As entidades\nparaestatais de interesse coletivo como o SENAC, o SENAI, o SESI, o SESC, assim\ncomo as Organiza\u00e7\u00f5es Sociais (OSs) que tem contrato de gest\u00e3o com o setor\np\u00fablico nas \u00e1reas de sa\u00fade, educa\u00e7\u00e3o e cultura\napresentam-se como um territ\u00f3rio em expans\u00e3o de espa\u00e7o de trabalho para o cientista social.<\/p>\n\n\n\n<h3 class=\"wp-block-heading\">ONGS<\/h3>\n\n\n\n<p align=\"justify\">In\u00fameras ONGs abrem espa\u00e7o para a atua\u00e7\u00e3o dos cientistas\nsociais em seus mais diversos campos de atua\u00e7\u00e3o. No Brasil h\u00e1 uma estreita\nliga\u00e7\u00e3o entre as pol\u00edticas p\u00fablicas e o terceiro setor, fornecendo um\nimportante campo para a atua\u00e7\u00e3o do(a) cientista social como um importante campo\nde trabalho.&nbsp; <\/p>\n\n\n\n<h3 class=\"wp-block-heading\">SINDICATOS<\/h3>\n\n\n\n<p align=\"justify\">O trabalho de\ncientista social no \u00e2mbito das entidades que realizam a defesa institucional\ndos interesses de uma classe profissional, patronal, comercial ou\nindustrial \u00e9 bastante conhecido e \u00e9 ainda um importante campo de trabalho para os cientistas sociais.&nbsp; <\/p>\n\n\n\n<h3 class=\"wp-block-heading\">ORGANIZA\u00c7\u00d5ES INTERNACIONAIS<\/h3>\n\n\n\n<p align=\"justify\">Com a crescente\nglobaliza\u00e7\u00e3o e a atua\u00e7\u00e3o de organismos multilaterais e supranacionais de\npol\u00edticas p\u00fablicas e de governan\u00e7a, abriu-se tordo um terreno para a atua\u00e7\u00e3o dos cientistas sociais. ONU,\nUNESCO, OMS, FMI, BID, OCDE, OMC, s\u00e3o algumas dessas organiza\u00e7\u00f5es em que a\natua\u00e7\u00e3o dos saberes dos cientistas sociais tem sido convocada para preparar,\navaliar e estabelecer no cen\u00e1rio internacional as pol\u00edticas acordadas pelos\ndiversos pa\u00edses que participam dos tratados em vig\u00eancia. <\/p>\n\n\n\n<h3 class=\"wp-block-heading\">PARTIDOS POL\u00cdTICOS E ASSESSORIA PARLAMENTAR <\/h3>\n\n\n\n<p align=\"justify\">Trabalho em cargo\nde livre-provimento de assist\u00eancia pol\u00edtica, t\u00e9cnica e burocr\u00e1tica para\ndeputados, senadores e vereadores, mas tamb\u00e9m para partidos pol\u00edticos. Com o\napelo gradativo da popula\u00e7\u00e3o por melhoria nos\nquadros pol\u00edticos, tal atividade \u00e9 de fundamental import\u00e2ncia na medida em que\nqualifica os mandatos do Poder com os saberes que o(a) cientista social pode\nfornecer.<\/p>\n\n\n\n<h3 class=\"wp-block-heading\">AG\u00caNCIAS DE PESQUISA DE MERCADO <\/h3>\n\n\n\n<p align=\"justify\">An\u00e1lise de tend\u00eancias, pesquisa de satisfa\u00e7\u00e3o, estudo de\nperfil de consumo, s\u00e3o um campo de trabalho crescente e importante dos\ncientistas sociais.&nbsp; Empresas privadas\ngeralmente contratam agencias de pesquisa de mercado para ampliar e gerenciar\nseus neg\u00f3cios de maneira otimizada e para tanto \u00e9 fundamental as pesquisas de\nmercado e as an\u00e1lises de tend\u00eancias.<\/p>\n","protected":false},"excerpt":{"rendered":"<p>Abaixo sequem listados alguns dos muitos campos em que o cientista social pode trabalhar: PESQUISADOR Nessa carreira o cientista social se dedica exclusivamente \u00e0 pesquisa cient\u00edfica e aplicada, atuando nas universidades, mas tamb\u00e9m em funda\u00e7\u00f5es, empresas e institutos de pesquisa governamentais e n\u00e3o governamentais. IBGE, IPEA, DIEESE, FUNDAJ, IBAD, SEI-BA, CONDEPE\/FIDEM, INEP, DATAFOLHA, IBOPE, entre &#8230; <a title=\"MERCADO DE TRABALHO\" class=\"read-more\" href=\"https:\/\/cienciassociais.univasf.edu.br\/index.php\/mercado-de-trabalho\/\" aria-label=\"More on MERCADO DE TRABALHO\">Ler mais<\/a><\/p>\n","protected":false},"author":1,"featured_media":0,"parent":0,"menu_order":0,"comment_status":"closed","ping_status":"closed","template":"","meta":{"footnotes":""},"_links":{"self":[{"href":"https:\/\/cienciassociais.univasf.edu.br\/index.php\/wp-json\/wp\/v2\/pages\/142"}],"collection":[{"href":"https:\/\/cienciassociais.univasf.edu.br\/index.php\/wp-json\/wp\/v2\/pages"}],"about":[{"href":"https:\/\/cienciassociais.univasf.edu.br\/index.php\/wp-json\/wp\/v2\/types\/page"}],"author":[{"embeddable":true,"href":"https:\/\/cienciassociais.univasf.edu.br\/index.php\/wp-json\/wp\/v2\/users\/1"}],"replies":[{"embeddable":true,"href":"https:\/\/cienciassociais.univasf.edu.br\/index.php\/wp-json\/wp\/v2\/comments?post=142"}],"version-history":[{"count":25,"href":"https:\/\/cienciassociais.univasf.edu.br\/index.php\/wp-json\/wp\/v2\/pages\/142\/revisions"}],"predecessor-version":[{"id":460,"href":"https:\/\/cienciassociais.univasf.edu.br\/index.php\/wp-json\/wp\/v2\/pages\/142\/revisions\/460"}],"wp:attachment":[{"href":"https:\/\/cienciassociais.univasf.edu.br\/index.php\/wp-json\/wp\/v2\/media?parent=142"}],"curies":[{"name":"wp","href":"https:\/\/api.w.org\/{rel}","templated":true}]}}