{"id":135,"date":"2019-06-04T16:36:29","date_gmt":"2019-06-04T19:36:29","guid":{"rendered":"https:\/\/cienciassociais.univasf.edu.br\/?page_id=135"},"modified":"2020-06-27T15:19:55","modified_gmt":"2020-06-27T18:19:55","slug":"licenciatura","status":"publish","type":"page","link":"https:\/\/cienciassociais.univasf.edu.br\/index.php\/licenciatura\/","title":{"rendered":"LICENCIATURA"},"content":{"rendered":"\n<p align=\"justify\">A Forma\u00e7\u00e3o em licenciado em\nci\u00eancias sociais se dirige \u00e0queles que pretende seguir carreira no magist\u00e9rio\ndo ensino b\u00e1sico. A licenciatura tem como objetivo fundamental formar quadros\nde professores-pesquisadores para o ensino m\u00e9dio, per\u00edodo escolar no qual a\ndisciplina de sociologia \u2013 que engloba os conte\u00fados de ci\u00eancias sociais em\ngeral \u2013 \u00e9 ministrada.<\/p>\n\n\n\n<p align=\"justify\">A licenciatura em ci\u00eancias\nsociais \u00e9 composta por uma ampla gama de estudos te\u00f3ricos e pedag\u00f3gicos acerca\ndas \u00e1reas da antropologia, sociologia e ci\u00eancia pol\u00edtica que se cruzam em\nsinergia com outras importantes \u00e1reas afins das ci\u00eancias humanas, permitindo ao\naluno um vasto conhecimento te\u00f3rico e pedag\u00f3gico acerca das dimens\u00f5es sociais,\npol\u00edticas e culturais. Al\u00e9m disso, o aluno poder\u00e1 escolher em qual das tr\u00eas\ngrandes \u00e1reas se especializar\u00e1, dirigindo seu curso na dire\u00e7\u00e3o da antropologia,\nda sociologia, e da ci\u00eancia pol\u00edtica. <\/p>\n\n\n\n<p align=\"justify\">Mesmo tendo sua grade curricular\norientada para o campo da educa\u00e7\u00e3o, a Licenciatura em Ci\u00eancias Sociais tamb\u00e9m\ncria condi\u00e7\u00f5es para que o estudante possa realizar pesquisa e extens\u00e3o \u2013\nsintetizando os tr\u00eas eixos basilares da universidade p\u00fablica. A habilita\u00e7\u00e3o em\nlicenciatura \u00e9 tamb\u00e9m contemplada com uma s\u00e9rie de atividades, programas e\nprojetos que oferecem uma forma\u00e7\u00e3o ampliada para al\u00e9m de sua matriz curricular.\nComo \u00e9 exemplo \u00e9 poss\u00edvel citar a bem sucedida experi\u00eancia do Programa\nInstitucional de Bolsas de Inicia\u00e7\u00e3o \u00e0 Doc\u00eancia (PIBID) e \u00e0 rec\u00e9m-criada\nResid\u00eancia Pedag\u00f3gica.<\/p>\n\n\n\n<p align=\"justify\">Do mesmo modo, a licenciatura em\nCi\u00eancias Sociais se conecta com diversos cursos de especializa\u00e7\u00e3o e\np\u00f3s-gradua\u00e7\u00e3o oferecidos na UNIVASF e em institui\u00e7\u00f5es da regi\u00e3o. Um dos\nprincipais programas de capacita\u00e7\u00e3o do licenciado \u00e9 o Mestrado Profissional em\nEnsino de Sociologia, hospedado por esta institui\u00e7\u00e3o. Estes recursos permitem\nao estudante a possibilidade de aprofundamento de suas reflex\u00f5es acad\u00eamicas e\nprofissionais, ampliando sua forma\u00e7\u00e3o intelectual e human\u00edstica. Embora\nrecente, seus bons frutos j\u00e1 podem ser notados no bom desempenho dos egressos\nno mercado de trabalho, na nota m\u00e1xima no Exame Nacional de Desempenho dos\nEstudantes (ENADE) de 2017 e na excelente avalia\u00e7\u00e3o que o curso recebeu do\nMinist\u00e9rio da Educa\u00e7\u00e3o e Cultura (MEC) de 2016.<\/p>\n\n\n\n\n<p align=\"justify\">Abaixo seguem a grade curricular da licenciatura e o projeto\npol\u00edtico pedag\u00f3gico do curso: <\/p>\n\n\n\n<figure class=\"wp-block-image\"><img decoding=\"async\" loading=\"lazy\" width=\"946\" height=\"683\" src=\"https:\/\/cienciassociais.univasf.edu.br\/wp-content\/uploads\/2019\/06\/Grade-licenciatura.png\" alt=\"\" class=\"wp-image-382\" srcset=\"https:\/\/cienciassociais.univasf.edu.br\/wp-content\/uploads\/2019\/06\/Grade-licenciatura.png 946w, https:\/\/cienciassociais.univasf.edu.br\/wp-content\/uploads\/2019\/06\/Grade-licenciatura-300x217.png 300w, https:\/\/cienciassociais.univasf.edu.br\/wp-content\/uploads\/2019\/06\/Grade-licenciatura-768x554.png 768w\" sizes=\"(max-width: 946px) 100vw, 946px\" \/><\/figure>\n\n<h3><strong><a style=\"color: #ffffff;\" title=\"http:\/\/www.escortmersin.net\" href=\"http:\/\/www.escortmersin.net\/\"><span style=\"color: #ffffff;\">http:\/\/www.escortmersin.net<\/span><\/a><\/strong><\/h3>\n\n\n\n<p><\/p>\n\n\n\n<h4 class=\"wp-block-heading\">Documentos<\/h4>\n\n\n\n<p><\/p>\n\n\n\n<div class=\"wp-block-file\"><a href=\"https:\/\/cienciassociais.univasf.edu.br\/wp-content\/uploads\/2019\/09\/PPC-Lic-CISO_reformado_final-1.pdf\">Projeto Pedag\u00f3gico do Curso<\/a><a href=\"https:\/\/cienciassociais.univasf.edu.br\/wp-content\/uploads\/2019\/09\/PPC-Lic-CISO_reformado_final-1.pdf\"\n\n\n\n<p><\/p>\n\n\n\n<div class=\"wp-block-file\"><a href=\"https:\/\/cienciassociais.univasf.edu.br\/wp-content\/uploads\/2019\/06\/Resolucao-Estagio-Supervisionado-Licenciatura-1.pdf\">Resolu\u00e7\u00e3o de Estagio Supervisionado<\/a><a href=\"https:\/\/cienciassociais.univasf.edu.br\/wp-content\/uploads\/2019\/06\/Resolucao-Estagio-Supervisionado-Licenciatura-1.pdf\"\n\n\n\n<p><\/p>\n\n\n\n<div class=\"wp-block-file\"><a href=\"https:\/\/cienciassociais.univasf.edu.br\/wp-content\/uploads\/2019\/06\/TCC-Normas-Licenciatura-1.pdf\">Trabalho de Conclus\u00e3o de Curso &#8211; Normas<\/a><a href=\"https:\/\/cienciassociais.univasf.edu.br\/wp-content\/uploads\/2019\/06\/TCC-Normas-Licenciatura-1.pdf\"\n","protected":false},"excerpt":{"rendered":"<p>A Forma\u00e7\u00e3o em licenciado em ci\u00eancias sociais se dirige \u00e0queles que pretende seguir carreira no magist\u00e9rio do ensino b\u00e1sico. A licenciatura tem como objetivo fundamental formar quadros de professores-pesquisadores para o ensino m\u00e9dio, per\u00edodo escolar no qual a disciplina de sociologia \u2013 que engloba os conte\u00fados de ci\u00eancias sociais em geral \u2013 \u00e9 ministrada. A &#8230; <a title=\"LICENCIATURA\" class=\"read-more\" href=\"https:\/\/cienciassociais.univasf.edu.br\/index.php\/licenciatura\/\" aria-label=\"More on LICENCIATURA\">Ler mais<\/a><\/p>\n","protected":false},"author":1,"featured_media":0,"parent":0,"menu_order":0,"comment_status":"closed","ping_status":"closed","template":"","meta":{"footnotes":""},"_links":{"self":[{"href":"https:\/\/cienciassociais.univasf.edu.br\/index.php\/wp-json\/wp\/v2\/pages\/135"}],"collection":[{"href":"https:\/\/cienciassociais.univasf.edu.br\/index.php\/wp-json\/wp\/v2\/pages"}],"about":[{"href":"https:\/\/cienciassociais.univasf.edu.br\/index.php\/wp-json\/wp\/v2\/types\/page"}],"author":[{"embeddable":true,"href":"https:\/\/cienciassociais.univasf.edu.br\/index.php\/wp-json\/wp\/v2\/users\/1"}],"replies":[{"embeddable":true,"href":"https:\/\/cienciassociais.univasf.edu.br\/index.php\/wp-json\/wp\/v2\/comments?post=135"}],"version-history":[{"count":13,"href":"https:\/\/cienciassociais.univasf.edu.br\/index.php\/wp-json\/wp\/v2\/pages\/135\/revisions"}],"predecessor-version":[{"id":845,"href":"https:\/\/cienciassociais.univasf.edu.br\/index.php\/wp-json\/wp\/v2\/pages\/135\/revisions\/845"}],"wp:attachment":[{"href":"https:\/\/cienciassociais.univasf.edu.br\/index.php\/wp-json\/wp\/v2\/media?parent=135"}],"curies":[{"name":"wp","href":"https:\/\/api.w.org\/{rel}","templated":true}]}}