{"id":115,"date":"2019-06-04T16:32:41","date_gmt":"2019-06-04T19:32:41","guid":{"rendered":"https:\/\/cienciassociais.univasf.edu.br\/?page_id=115"},"modified":"2019-06-05T14:46:09","modified_gmt":"2019-06-05T17:46:09","slug":"manual-do-aluno-2","status":"publish","type":"page","link":"https:\/\/cienciassociais.univasf.edu.br\/index.php\/manual-do-aluno-2\/","title":{"rendered":"MANUAL DO ALUNO"},"content":{"rendered":"\n<p align=\"justify\">O manual traz informa\u00e7\u00f5es importantes sobre a utiliza\u00e7\u00e3o dos servi\u00e7os e benef\u00edcios que sua universidade oferece. Iniciaremos com uma breve vis\u00e3o sobre a estrutura e localiza\u00e7\u00e3o da Univasf e depois falaremos um pouco mais sobre os servi\u00e7os que voc\u00ea ter\u00e1 \u00e0 sua disposi\u00e7\u00e3o. Para finalizar, \u00e9 importante que voc\u00ea conhe\u00e7a sobre os principais procedimentos administrativos que far\u00e3o parte de sua vida acad\u00eamica nos pr\u00f3ximos anos, para que possa desfrutar plenamente da vida universit\u00e1ria e das oportunidades oferecidas pela institui\u00e7\u00e3o.\n\n\n\n<p align=\"justify\"><a href=\"http:\/\/www.manualdoestudante.univasf.edu.br\/\" target=\"_blank\" rel=\"noopener noreferrer\">Manual do Estudante<\/a>\n","protected":false},"excerpt":{"rendered":"<p>O manual traz informa\u00e7\u00f5es importantes sobre a utiliza\u00e7\u00e3o dos servi\u00e7os e benef\u00edcios que sua universidade oferece. Iniciaremos com uma breve vis\u00e3o sobre a estrutura e localiza\u00e7\u00e3o da Univasf e depois falaremos um pouco mais sobre os servi\u00e7os que voc\u00ea ter\u00e1 \u00e0 sua disposi\u00e7\u00e3o. Para finalizar, \u00e9 importante que voc\u00ea conhe\u00e7a sobre os principais procedimentos administrativos &#8230; <a title=\"MANUAL DO ALUNO\" class=\"read-more\" href=\"https:\/\/cienciassociais.univasf.edu.br\/index.php\/manual-do-aluno-2\/\" aria-label=\"More on MANUAL DO ALUNO\">Ler mais<\/a><\/p>\n","protected":false},"author":1,"featured_media":0,"parent":0,"menu_order":0,"comment_status":"closed","ping_status":"closed","template":"","meta":{"footnotes":""},"_links":{"self":[{"href":"https:\/\/cienciassociais.univasf.edu.br\/index.php\/wp-json\/wp\/v2\/pages\/115"}],"collection":[{"href":"https:\/\/cienciassociais.univasf.edu.br\/index.php\/wp-json\/wp\/v2\/pages"}],"about":[{"href":"https:\/\/cienciassociais.univasf.edu.br\/index.php\/wp-json\/wp\/v2\/types\/page"}],"author":[{"embeddable":true,"href":"https:\/\/cienciassociais.univasf.edu.br\/index.php\/wp-json\/wp\/v2\/users\/1"}],"replies":[{"embeddable":true,"href":"https:\/\/cienciassociais.univasf.edu.br\/index.php\/wp-json\/wp\/v2\/comments?post=115"}],"version-history":[{"count":13,"href":"https:\/\/cienciassociais.univasf.edu.br\/index.php\/wp-json\/wp\/v2\/pages\/115\/revisions"}],"predecessor-version":[{"id":247,"href":"https:\/\/cienciassociais.univasf.edu.br\/index.php\/wp-json\/wp\/v2\/pages\/115\/revisions\/247"}],"wp:attachment":[{"href":"https:\/\/cienciassociais.univasf.edu.br\/index.php\/wp-json\/wp\/v2\/media?parent=115"}],"curies":[{"name":"wp","href":"https:\/\/api.w.org\/{rel}","templated":true}]}}