{"id":114,"date":"2019-06-04T16:32:41","date_gmt":"2019-06-04T19:32:41","guid":{"rendered":"https:\/\/cienciassociais.univasf.edu.br\/?page_id=114"},"modified":"2019-06-11T08:28:44","modified_gmt":"2019-06-11T11:28:44","slug":"ingresso","status":"publish","type":"page","link":"https:\/\/cienciassociais.univasf.edu.br\/index.php\/ingresso\/","title":{"rendered":"INGRESSO"},"content":{"rendered":"\n<p align=\"justify\">Os cursos de Bacharelado e Licenciatura recebem alunos a partir de variadas formas de ingressos, como, por exemplo: pelo processo do SISU, mas tamb\u00e9m por meio da entrada para portadores de diploma, al\u00e9m de transfer\u00eancias internas e externas. Para maiores informa\u00e7\u00f5es, consulte o link abaixo:<\/p>\n\n\n\n<p><a href=\"http:\/\/ingressodiscente.univasf.edu.br\/\" target=\"_blank\" rel=\"noreferrer noopener\">Formas de Ingresso<\/a>\ufeff<\/p>\n\n\n\n<p><\/p>\n\n\n\n<p><\/p>\n","protected":false},"excerpt":{"rendered":"<p>Os cursos de Bacharelado e Licenciatura recebem alunos a partir de variadas formas de ingressos, como, por exemplo: pelo processo do SISU, mas tamb\u00e9m por meio da entrada para portadores de diploma, al\u00e9m de transfer\u00eancias internas e externas. Para maiores informa\u00e7\u00f5es, consulte o link abaixo: Formas de Ingresso\ufeff<\/p>\n","protected":false},"author":1,"featured_media":0,"parent":0,"menu_order":0,"comment_status":"closed","ping_status":"closed","template":"","meta":{"footnotes":""},"_links":{"self":[{"href":"https:\/\/cienciassociais.univasf.edu.br\/index.php\/wp-json\/wp\/v2\/pages\/114"}],"collection":[{"href":"https:\/\/cienciassociais.univasf.edu.br\/index.php\/wp-json\/wp\/v2\/pages"}],"about":[{"href":"https:\/\/cienciassociais.univasf.edu.br\/index.php\/wp-json\/wp\/v2\/types\/page"}],"author":[{"embeddable":true,"href":"https:\/\/cienciassociais.univasf.edu.br\/index.php\/wp-json\/wp\/v2\/users\/1"}],"replies":[{"embeddable":true,"href":"https:\/\/cienciassociais.univasf.edu.br\/index.php\/wp-json\/wp\/v2\/comments?post=114"}],"version-history":[{"count":6,"href":"https:\/\/cienciassociais.univasf.edu.br\/index.php\/wp-json\/wp\/v2\/pages\/114\/revisions"}],"predecessor-version":[{"id":411,"href":"https:\/\/cienciassociais.univasf.edu.br\/index.php\/wp-json\/wp\/v2\/pages\/114\/revisions\/411"}],"wp:attachment":[{"href":"https:\/\/cienciassociais.univasf.edu.br\/index.php\/wp-json\/wp\/v2\/media?parent=114"}],"curies":[{"name":"wp","href":"https:\/\/api.w.org\/{rel}","templated":true}]}}